{"id":326,"date":"2022-04-12T06:51:31","date_gmt":"2022-04-12T06:51:31","guid":{"rendered":"http:\/\/5thclass.deltapublications.in\/?page_id=326"},"modified":"2025-01-18T08:26:15","modified_gmt":"2025-01-18T08:26:15","slug":"p-7-volume-of-figures-made-of-unit-cubes","status":"publish","type":"page","link":"https:\/\/5thclass.deltapublications.in\/index.php\/p-7-volume-of-figures-made-of-unit-cubes\/","title":{"rendered":"P.7 Volume of figures made of unit cubes"},"content":{"rendered":"\n<h2 class=\"wp-block-heading has-text-align-center has-text-color has-huge-font-size\" style=\"color:#00056d;text-transform:uppercase\"><strong> Volume of figures made of unit cubes<\/strong><\/h2>\n\n\n\n<p class=\"has-large-font-size\"><strong>KEY  NOTES<\/strong>!<\/p>\n\n\n\n<p class=\"has-large-font-size\"><strong>Definition of Volume<\/strong>: Volume is the amount of space inside a 3-dimensional object. It&#8217;s like how much water or air something can hold.<\/p>\n\n\n\n<div class=\"wp-block-columns is-layout-flex wp-container-core-columns-is-layout-9d6595d7 wp-block-columns-is-layout-flex\">\n<div class=\"wp-block-column is-layout-flow wp-block-column-is-layout-flow\" style=\"flex-basis:50%\">\n<figure class=\"wp-block-image size-large\"><img loading=\"lazy\" decoding=\"async\" width=\"1024\" height=\"1024\" src=\"https:\/\/5thclass.deltapublications.in\/wp-content\/uploads\/2024\/07\/Shape-27-1024x1024.png\" alt=\"\" class=\"wp-image-12028\" style=\"aspect-ratio:1\" srcset=\"https:\/\/5thclass.deltapublications.in\/wp-content\/uploads\/2024\/07\/Shape-27-1024x1024.png 1024w, https:\/\/5thclass.deltapublications.in\/wp-content\/uploads\/2024\/07\/Shape-27-300x300.png 300w, https:\/\/5thclass.deltapublications.in\/wp-content\/uploads\/2024\/07\/Shape-27-150x150.png 150w, https:\/\/5thclass.deltapublications.in\/wp-content\/uploads\/2024\/07\/Shape-27-768x768.png 768w, https:\/\/5thclass.deltapublications.in\/wp-content\/uploads\/2024\/07\/Shape-27-400x400.png 400w, https:\/\/5thclass.deltapublications.in\/wp-content\/uploads\/2024\/07\/Shape-27-1536x1536.png 1536w, https:\/\/5thclass.deltapublications.in\/wp-content\/uploads\/2024\/07\/Shape-27-2048x2048.png 2048w, https:\/\/5thclass.deltapublications.in\/wp-content\/uploads\/2024\/07\/Shape-27-1568x1568.png 1568w\" sizes=\"auto, (max-width: 1024px) 100vw, 1024px\" \/><\/figure>\n<\/div>\n\n\n\n<div class=\"wp-block-column is-layout-flow wp-block-column-is-layout-flow\" style=\"flex-basis:50%\">\n<figure class=\"wp-block-image size-large\"><img loading=\"lazy\" decoding=\"async\" width=\"1024\" height=\"1024\" src=\"https:\/\/5thclass.deltapublications.in\/wp-content\/uploads\/2024\/07\/Shape-28-1024x1024.png\" alt=\"\" class=\"wp-image-12029\" srcset=\"https:\/\/5thclass.deltapublications.in\/wp-content\/uploads\/2024\/07\/Shape-28-1024x1024.png 1024w, https:\/\/5thclass.deltapublications.in\/wp-content\/uploads\/2024\/07\/Shape-28-300x300.png 300w, https:\/\/5thclass.deltapublications.in\/wp-content\/uploads\/2024\/07\/Shape-28-150x150.png 150w, https:\/\/5thclass.deltapublications.in\/wp-content\/uploads\/2024\/07\/Shape-28-768x768.png 768w, https:\/\/5thclass.deltapublications.in\/wp-content\/uploads\/2024\/07\/Shape-28-400x400.png 400w, https:\/\/5thclass.deltapublications.in\/wp-content\/uploads\/2024\/07\/Shape-28-1536x1536.png 1536w, https:\/\/5thclass.deltapublications.in\/wp-content\/uploads\/2024\/07\/Shape-28-2048x2048.png 2048w, https:\/\/5thclass.deltapublications.in\/wp-content\/uploads\/2024\/07\/Shape-28-1568x1568.png 1568w\" sizes=\"auto, (max-width: 1024px) 100vw, 1024px\" \/><\/figure>\n<\/div>\n<\/div>\n\n\n\n<p class=\"has-large-font-size\" style=\"text-transform:uppercase\"><strong>Calculating Volume:<\/strong> <\/p>\n\n\n\n<p class=\"has-large-font-size\">Rectangular Solid or Cuboid = l \u00d7 w \u00d7 h   (l= Length , w = Width,  h = Height)<\/p>\n\n\n\n<p class=\"has-large-font-size\">Cube = a<sup>3<\/sup>( a = Length of edge or side)<\/p>\n\n\n\n<p class=\"has-large-font-size\">Cylinder = \u03c0r<sup>2<\/sup>h   (r = Radius of the circular base, h = Height)<\/p>\n\n\n\n<p class=\"has-large-font-size\">Prism = B \u00d7 h (B = Area of base, (B = side<sup>2<\/sup>&nbsp;or length.breadth) ,h = Height)<\/p>\n\n\n\n<p class=\"has-large-font-size\" style=\"text-transform:uppercase\"><strong>Counting Unit Cubes<\/strong><\/p>\n\n\n\n<p class=\"has-large-font-size\"> To find the volume of a shape, count how many unit cubes fit inside it. Arrange them neatly and count them one layer at a time.<\/p>\n\n\n\n<div class=\"wp-block-columns is-layout-flex wp-container-core-columns-is-layout-9d6595d7 wp-block-columns-is-layout-flex\">\n<div class=\"wp-block-column is-layout-flow wp-block-column-is-layout-flow\" style=\"flex-basis:50%\">\n<figure class=\"wp-block-image size-large\"><img loading=\"lazy\" decoding=\"async\" width=\"1024\" height=\"1024\" src=\"https:\/\/5thclass.deltapublications.in\/wp-content\/uploads\/2024\/07\/Shape-29-1024x1024.png\" alt=\"\" class=\"wp-image-12034\" style=\"aspect-ratio:1\" srcset=\"https:\/\/5thclass.deltapublications.in\/wp-content\/uploads\/2024\/07\/Shape-29-1024x1024.png 1024w, https:\/\/5thclass.deltapublications.in\/wp-content\/uploads\/2024\/07\/Shape-29-300x300.png 300w, https:\/\/5thclass.deltapublications.in\/wp-content\/uploads\/2024\/07\/Shape-29-150x150.png 150w, https:\/\/5thclass.deltapublications.in\/wp-content\/uploads\/2024\/07\/Shape-29-768x768.png 768w, https:\/\/5thclass.deltapublications.in\/wp-content\/uploads\/2024\/07\/Shape-29-400x400.png 400w, https:\/\/5thclass.deltapublications.in\/wp-content\/uploads\/2024\/07\/Shape-29-1536x1536.png 1536w, https:\/\/5thclass.deltapublications.in\/wp-content\/uploads\/2024\/07\/Shape-29-2048x2048.png 2048w, https:\/\/5thclass.deltapublications.in\/wp-content\/uploads\/2024\/07\/Shape-29-1568x1568.png 1568w\" sizes=\"auto, (max-width: 1024px) 100vw, 1024px\" \/><\/figure>\n<\/div>\n\n\n\n<div class=\"wp-block-column is-layout-flow wp-block-column-is-layout-flow\" style=\"flex-basis:50%\">\n<figure class=\"wp-block-image size-large\"><img loading=\"lazy\" decoding=\"async\" width=\"1024\" height=\"1024\" src=\"https:\/\/5thclass.deltapublications.in\/wp-content\/uploads\/2024\/07\/Shape-30-1024x1024.png\" alt=\"\" class=\"wp-image-12035\" srcset=\"https:\/\/5thclass.deltapublications.in\/wp-content\/uploads\/2024\/07\/Shape-30-1024x1024.png 1024w, https:\/\/5thclass.deltapublications.in\/wp-content\/uploads\/2024\/07\/Shape-30-300x300.png 300w, https:\/\/5thclass.deltapublications.in\/wp-content\/uploads\/2024\/07\/Shape-30-150x150.png 150w, https:\/\/5thclass.deltapublications.in\/wp-content\/uploads\/2024\/07\/Shape-30-768x768.png 768w, https:\/\/5thclass.deltapublications.in\/wp-content\/uploads\/2024\/07\/Shape-30-400x400.png 400w, https:\/\/5thclass.deltapublications.in\/wp-content\/uploads\/2024\/07\/Shape-30-1536x1536.png 1536w, https:\/\/5thclass.deltapublications.in\/wp-content\/uploads\/2024\/07\/Shape-30-2048x2048.png 2048w, https:\/\/5thclass.deltapublications.in\/wp-content\/uploads\/2024\/07\/Shape-30-1568x1568.png 1568w\" sizes=\"auto, (max-width: 1024px) 100vw, 1024px\" \/><\/figure>\n<\/div>\n<\/div>\n\n\n\n<p class=\"has-text-align-center has-text-color has-large-font-size\" style=\"color:#105000\"><strong>Learn with an example<\/strong><\/p>\n\n\n\n<div class=\"wp-block-group has-background has-large-font-size\" style=\"background-color:#f8afdf\"><div class=\"wp-block-group__inner-container is-layout-flow wp-block-group-is-layout-flow\">\n<div class=\"wp-block-group has-background-background-color has-background\"><div class=\"wp-block-group__inner-container is-layout-flow wp-block-group-is-layout-flow\">\n<p class=\"has-text-color\" style=\"color:#b00012\"><strong>\u26ab What is the volume of this object?<\/strong><\/p>\n\n\n<div class=\"wp-block-image is-resized\">\n<figure class=\"aligncenter size-full\"><img loading=\"lazy\" decoding=\"async\" width=\"500\" height=\"500\" src=\"https:\/\/5thclass.deltapublications.in\/wp-content\/uploads\/2023\/01\/Untitled-670-\u00d7-200px-670-\u00d7-300px-500-\u00d7-500px-6-1.png\" alt=\"\" class=\"wp-image-4079\" srcset=\"https:\/\/5thclass.deltapublications.in\/wp-content\/uploads\/2023\/01\/Untitled-670-\u00d7-200px-670-\u00d7-300px-500-\u00d7-500px-6-1.png 500w, https:\/\/5thclass.deltapublications.in\/wp-content\/uploads\/2023\/01\/Untitled-670-\u00d7-200px-670-\u00d7-300px-500-\u00d7-500px-6-1-300x300.png 300w, https:\/\/5thclass.deltapublications.in\/wp-content\/uploads\/2023\/01\/Untitled-670-\u00d7-200px-670-\u00d7-300px-500-\u00d7-500px-6-1-150x150.png 150w\" sizes=\"auto, (max-width: 500px) 100vw, 500px\" \/><\/figure><\/div>\n\n\n<p><strong>___ &nbsp;cubic units<\/strong><\/p>\n<\/div><\/div>\n\n\n\n<ul class=\"wp-block-list\">\n<li>There are 2 rows with 3 cubes in each row.<\/li>\n\n\n\n<li>Multiply to find the volume:<br>2 \u00d7 3 = 6<\/li>\n\n\n\n<li>There are 6 cubes. The volume is 6 cubic units.<\/li>\n<\/ul>\n<\/div><\/div>\n\n\n\n<div class=\"wp-block-group has-background has-large-font-size\" style=\"background-color:#9debf1\"><div class=\"wp-block-group__inner-container is-layout-flow wp-block-group-is-layout-flow\">\n<div class=\"wp-block-group has-background-background-color has-background\"><div class=\"wp-block-group__inner-container is-layout-flow wp-block-group-is-layout-flow\">\n<p class=\"has-text-color\" style=\"color:#b00012\"><strong>\u26ab What is the volume of this object?<\/strong><\/p>\n\n\n<div class=\"wp-block-image is-resized\">\n<figure class=\"aligncenter size-full\"><img loading=\"lazy\" decoding=\"async\" width=\"500\" height=\"500\" src=\"https:\/\/5thclass.deltapublications.in\/wp-content\/uploads\/2023\/01\/Untitled-670-\u00d7-200px-670-\u00d7-300px-500-\u00d7-500px-7-1.png\" alt=\"\" class=\"wp-image-4080\" srcset=\"https:\/\/5thclass.deltapublications.in\/wp-content\/uploads\/2023\/01\/Untitled-670-\u00d7-200px-670-\u00d7-300px-500-\u00d7-500px-7-1.png 500w, https:\/\/5thclass.deltapublications.in\/wp-content\/uploads\/2023\/01\/Untitled-670-\u00d7-200px-670-\u00d7-300px-500-\u00d7-500px-7-1-300x300.png 300w, https:\/\/5thclass.deltapublications.in\/wp-content\/uploads\/2023\/01\/Untitled-670-\u00d7-200px-670-\u00d7-300px-500-\u00d7-500px-7-1-150x150.png 150w\" sizes=\"auto, (max-width: 500px) 100vw, 500px\" \/><\/figure><\/div>\n\n\n<p><strong>_____ cubic units<\/strong><\/p>\n<\/div><\/div>\n\n\n\n<ul class=\"wp-block-list\">\n<li>There are 2 rows with 2 cubes in each row.<\/li>\n\n\n\n<li>Multiply to find the volume:<br>2 \u00d7 2 = 4<\/li>\n\n\n\n<li>There are 4 cubes. The volume is 4 cubic units.<\/li>\n<\/ul>\n<\/div><\/div>\n\n\n\n<div class=\"wp-block-group has-background has-large-font-size\" style=\"background-color:#c5c2f2\"><div class=\"wp-block-group__inner-container is-layout-flow wp-block-group-is-layout-flow\">\n<div class=\"wp-block-group has-background-background-color has-background\"><div class=\"wp-block-group__inner-container is-layout-flow wp-block-group-is-layout-flow\">\n<p class=\"has-text-color\" style=\"color:#b00012\"><strong>\u26ab What is the volume of this object?<\/strong><\/p>\n\n\n<div class=\"wp-block-image is-resized\">\n<figure class=\"aligncenter size-full\"><img loading=\"lazy\" decoding=\"async\" width=\"500\" height=\"500\" src=\"https:\/\/5thclass.deltapublications.in\/wp-content\/uploads\/2023\/01\/Untitled-670-\u00d7-200px-670-\u00d7-300px-500-\u00d7-500px-8-1.png\" alt=\"\" class=\"wp-image-4081\" srcset=\"https:\/\/5thclass.deltapublications.in\/wp-content\/uploads\/2023\/01\/Untitled-670-\u00d7-200px-670-\u00d7-300px-500-\u00d7-500px-8-1.png 500w, https:\/\/5thclass.deltapublications.in\/wp-content\/uploads\/2023\/01\/Untitled-670-\u00d7-200px-670-\u00d7-300px-500-\u00d7-500px-8-1-300x300.png 300w, https:\/\/5thclass.deltapublications.in\/wp-content\/uploads\/2023\/01\/Untitled-670-\u00d7-200px-670-\u00d7-300px-500-\u00d7-500px-8-1-150x150.png 150w\" sizes=\"auto, (max-width: 500px) 100vw, 500px\" \/><\/figure><\/div>\n\n\n<p><strong>_____ cubic units<\/strong><\/p>\n<\/div><\/div>\n\n\n\n<ul class=\"wp-block-list\">\n<li>There are 2 rows with 2 cubes in each row.<\/li>\n\n\n\n<li>Multiply to find the volume:<br>2 \u00d7 2 = 4<\/li>\n\n\n\n<li>There are 4 cubes. The volume is 4 cubic units.<\/li>\n<\/ul>\n<\/div><\/div>\n\n\n\n<p class=\"has-text-color has-large-font-size\" style=\"color:#d90000\">Let&#8217;s practice!\ud83d\udd8a\ufe0f <\/p>\n\n\n\n<div class=\"wp-block-columns is-layout-flex wp-container-core-columns-is-layout-9d6595d7 wp-block-columns-is-layout-flex\">\n<div class=\"wp-block-column is-layout-flow wp-block-column-is-layout-flow\">\n<figure class=\"wp-block-image size-full\"><a href=\"https:\/\/wordwall.net\/play\/75547\/361\/275\"><img loading=\"lazy\" decoding=\"async\" width=\"500\" height=\"500\" src=\"https:\/\/5thclass.deltapublications.in\/wp-content\/uploads\/2023\/04\/Worksheet-1-2-63.png\" alt=\"\" class=\"wp-image-5773\" srcset=\"https:\/\/5thclass.deltapublications.in\/wp-content\/uploads\/2023\/04\/Worksheet-1-2-63.png 500w, https:\/\/5thclass.deltapublications.in\/wp-content\/uploads\/2023\/04\/Worksheet-1-2-63-300x300.png 300w, https:\/\/5thclass.deltapublications.in\/wp-content\/uploads\/2023\/04\/Worksheet-1-2-63-150x150.png 150w\" sizes=\"auto, (max-width: 500px) 100vw, 500px\" \/><\/a><\/figure>\n<\/div>\n\n\n\n<div class=\"wp-block-column is-layout-flow wp-block-column-is-layout-flow\">\n<figure class=\"wp-block-image size-full\"><a href=\"https:\/\/wordwall.net\/play\/35844\/754\/348\"><img loading=\"lazy\" decoding=\"async\" width=\"500\" height=\"500\" src=\"https:\/\/5thclass.deltapublications.in\/wp-content\/uploads\/2023\/04\/Worksheet-1-1-1-63.png\" alt=\"\" class=\"wp-image-5774\" srcset=\"https:\/\/5thclass.deltapublications.in\/wp-content\/uploads\/2023\/04\/Worksheet-1-1-1-63.png 500w, https:\/\/5thclass.deltapublications.in\/wp-content\/uploads\/2023\/04\/Worksheet-1-1-1-63-300x300.png 300w, https:\/\/5thclass.deltapublications.in\/wp-content\/uploads\/2023\/04\/Worksheet-1-1-1-63-150x150.png 150w\" sizes=\"auto, (max-width: 500px) 100vw, 500px\" \/><\/a><\/figure>\n<\/div>\n<\/div>\n","protected":false},"excerpt":{"rendered":"<p>Volume of figures made of unit cubes KEY NOTES! Definition of Volume: Volume is the amount of space inside a 3-dimensional object. It&#8217;s like how much water or air something can hold. Calculating Volume: Rectangular Solid or Cuboid = l \u00d7 w \u00d7 h (l= Length , w = Width, h = Height) Cube =<a class=\"more-link\" href=\"https:\/\/5thclass.deltapublications.in\/index.php\/p-7-volume-of-figures-made-of-unit-cubes\/\">Continue reading <span class=\"screen-reader-text\">&#8220;P.7 Volume of figures made of unit cubes&#8221;<\/span><\/a><\/p>\n","protected":false},"author":1,"featured_media":0,"parent":0,"menu_order":0,"comment_status":"closed","ping_status":"closed","template":"","meta":{"om_disable_all_campaigns":false,"_monsterinsights_skip_tracking":false,"_monsterinsights_sitenote_active":false,"_monsterinsights_sitenote_note":"","_monsterinsights_sitenote_category":0,"footnotes":""},"class_list":["post-326","page","type-page","status-publish","hentry","entry"],"_links":{"self":[{"href":"https:\/\/5thclass.deltapublications.in\/index.php\/wp-json\/wp\/v2\/pages\/326","targetHints":{"allow":["GET"]}}],"collection":[{"href":"https:\/\/5thclass.deltapublications.in\/index.php\/wp-json\/wp\/v2\/pages"}],"about":[{"href":"https:\/\/5thclass.deltapublications.in\/index.php\/wp-json\/wp\/v2\/types\/page"}],"author":[{"embeddable":true,"href":"https:\/\/5thclass.deltapublications.in\/index.php\/wp-json\/wp\/v2\/users\/1"}],"replies":[{"embeddable":true,"href":"https:\/\/5thclass.deltapublications.in\/index.php\/wp-json\/wp\/v2\/comments?post=326"}],"version-history":[{"count":16,"href":"https:\/\/5thclass.deltapublications.in\/index.php\/wp-json\/wp\/v2\/pages\/326\/revisions"}],"predecessor-version":[{"id":14602,"href":"https:\/\/5thclass.deltapublications.in\/index.php\/wp-json\/wp\/v2\/pages\/326\/revisions\/14602"}],"wp:attachment":[{"href":"https:\/\/5thclass.deltapublications.in\/index.php\/wp-json\/wp\/v2\/media?parent=326"}],"curies":[{"name":"wp","href":"https:\/\/api.w.org\/{rel}","templated":true}]}}